{"id":25956,"date":"2018-11-26T09:34:42","date_gmt":"2018-11-26T08:34:42","guid":{"rendered":"https:\/\/www.monvillone.it\/home\/"},"modified":"2025-07-07T12:44:26","modified_gmt":"2025-07-07T10:44:26","slug":"home","status":"publish","type":"page","link":"https:\/\/www.monvillone.it\/fr\/","title":{"rendered":"Home"},"content":{"rendered":"","protected":false},"excerpt":{"rendered":"","protected":false},"author":1,"featured_media":0,"parent":0,"menu_order":0,"comment_status":"closed","ping_status":"closed","template":"","meta":{"_genesis_hide_title":false,"_genesis_hide_breadcrumbs":false,"_genesis_hide_singular_image":false,"_genesis_hide_footer_widgets":false,"_genesis_custom_body_class":"","_genesis_custom_post_class":"","_genesis_layout":"","footnotes":""},"class_list":{"0":"post-25956","1":"page","2":"type-page","3":"status-publish","5":"entry"},"yoast_head":"<!-- This site is optimized with the Yoast SEO plugin v25.3.1 - https:\/\/yoast.com\/wordpress\/plugins\/seo\/ -->\n<title>Tenuta Monvillone: Restaurant, Country House et ESPACE D\u2019ART<\/title>\n<meta name=\"description\" content=\"Situ\u00e9 \u00e0 Cereseto (AL), Monvillone propose des chambres, une piscine et un restaurant dans une atmosph\u00e8re impr\u00e9gn\u00e9e des \u0153uvres de Riccardo Conti.\" \/>\n<meta name=\"robots\" content=\"index, follow, max-snippet:-1, max-image-preview:large, max-video-preview:-1\" \/>\n<link rel=\"canonical\" href=\"https:\/\/www.monvillone.it\/fr\/\" \/>\n<meta property=\"og:locale\" content=\"fr_FR\" \/>\n<meta property=\"og:type\" content=\"article\" \/>\n<meta property=\"og:title\" content=\"Tenuta Monvillone: Restaurant, Country House et ESPACE D\u2019ART\" \/>\n<meta property=\"og:description\" content=\"Situ\u00e9 \u00e0 Cereseto (AL), Monvillone propose des chambres, une piscine et un restaurant dans une atmosph\u00e8re impr\u00e9gn\u00e9e des \u0153uvres de Riccardo Conti.\" \/>\n<meta property=\"og:url\" content=\"https:\/\/www.monvillone.it\/fr\/\" \/>\n<meta property=\"og:site_name\" content=\"Tenuta Monvillone Country House &amp; Restaurant\" \/>\n<meta property=\"article:modified_time\" content=\"2025-07-07T10:44:26+00:00\" \/>\n<meta name=\"twitter:card\" content=\"summary_large_image\" \/>\n<script type=\"application\/ld+json\" class=\"yoast-schema-graph\">{\"@context\":\"https:\/\/schema.org\",\"@graph\":[{\"@type\":\"WebPage\",\"@id\":\"https:\/\/www.monvillone.it\/fr\/\",\"url\":\"https:\/\/www.monvillone.it\/fr\/\",\"name\":\"Tenuta Monvillone: Restaurant, Country House et ESPACE D\u2019ART\",\"isPartOf\":{\"@id\":\"https:\/\/www.monvillone.it\/fr\/#website\"},\"datePublished\":\"2018-11-26T08:34:42+00:00\",\"dateModified\":\"2025-07-07T10:44:26+00:00\",\"description\":\"Situ\u00e9 \u00e0 Cereseto (AL), Monvillone propose des chambres, une piscine et un restaurant dans une atmosph\u00e8re impr\u00e9gn\u00e9e des \u0153uvres de Riccardo Conti.\",\"breadcrumb\":{\"@id\":\"https:\/\/www.monvillone.it\/fr\/#breadcrumb\"},\"inLanguage\":\"fr-FR\",\"potentialAction\":[{\"@type\":\"ReadAction\",\"target\":[\"https:\/\/www.monvillone.it\/fr\/\"]}]},{\"@type\":\"BreadcrumbList\",\"@id\":\"https:\/\/www.monvillone.it\/fr\/#breadcrumb\",\"itemListElement\":[{\"@type\":\"ListItem\",\"position\":1,\"name\":\"Home\",\"item\":\"https:\/\/www.monvillone.it\/fr\/\"},{\"@type\":\"ListItem\",\"position\":2,\"name\":\"Home\"}]},{\"@type\":\"WebSite\",\"@id\":\"https:\/\/www.monvillone.it\/fr\/#website\",\"url\":\"https:\/\/www.monvillone.it\/fr\/\",\"name\":\"Tenuta Monvillone Country House &amp; Restaurant\",\"description\":\"\",\"potentialAction\":[{\"@type\":\"SearchAction\",\"target\":{\"@type\":\"EntryPoint\",\"urlTemplate\":\"https:\/\/www.monvillone.it\/fr\/?s={search_term_string}\"},\"query-input\":{\"@type\":\"PropertyValueSpecification\",\"valueRequired\":true,\"valueName\":\"search_term_string\"}}],\"inLanguage\":\"fr-FR\"}]}<\/script>\n<!-- \/ Yoast SEO plugin. -->","yoast_head_json":{"title":"Tenuta Monvillone: Restaurant, Country House et ESPACE D\u2019ART","description":"Situ\u00e9 \u00e0 Cereseto (AL), Monvillone propose des chambres, une piscine et un restaurant dans une atmosph\u00e8re impr\u00e9gn\u00e9e des \u0153uvres de Riccardo Conti.","robots":{"index":"index","follow":"follow","max-snippet":"max-snippet:-1","max-image-preview":"max-image-preview:large","max-video-preview":"max-video-preview:-1"},"canonical":"https:\/\/www.monvillone.it\/fr\/","og_locale":"fr_FR","og_type":"article","og_title":"Tenuta Monvillone: Restaurant, Country House et ESPACE D\u2019ART","og_description":"Situ\u00e9 \u00e0 Cereseto (AL), Monvillone propose des chambres, une piscine et un restaurant dans une atmosph\u00e8re impr\u00e9gn\u00e9e des \u0153uvres de Riccardo Conti.","og_url":"https:\/\/www.monvillone.it\/fr\/","og_site_name":"Tenuta Monvillone Country House &amp; Restaurant","article_modified_time":"2025-07-07T10:44:26+00:00","twitter_card":"summary_large_image","schema":{"@context":"https:\/\/schema.org","@graph":[{"@type":"WebPage","@id":"https:\/\/www.monvillone.it\/fr\/","url":"https:\/\/www.monvillone.it\/fr\/","name":"Tenuta Monvillone: Restaurant, Country House et ESPACE D\u2019ART","isPartOf":{"@id":"https:\/\/www.monvillone.it\/fr\/#website"},"datePublished":"2018-11-26T08:34:42+00:00","dateModified":"2025-07-07T10:44:26+00:00","description":"Situ\u00e9 \u00e0 Cereseto (AL), Monvillone propose des chambres, une piscine et un restaurant dans une atmosph\u00e8re impr\u00e9gn\u00e9e des \u0153uvres de Riccardo Conti.","breadcrumb":{"@id":"https:\/\/www.monvillone.it\/fr\/#breadcrumb"},"inLanguage":"fr-FR","potentialAction":[{"@type":"ReadAction","target":["https:\/\/www.monvillone.it\/fr\/"]}]},{"@type":"BreadcrumbList","@id":"https:\/\/www.monvillone.it\/fr\/#breadcrumb","itemListElement":[{"@type":"ListItem","position":1,"name":"Home","item":"https:\/\/www.monvillone.it\/fr\/"},{"@type":"ListItem","position":2,"name":"Home"}]},{"@type":"WebSite","@id":"https:\/\/www.monvillone.it\/fr\/#website","url":"https:\/\/www.monvillone.it\/fr\/","name":"Tenuta Monvillone Country House &amp; Restaurant","description":"","potentialAction":[{"@type":"SearchAction","target":{"@type":"EntryPoint","urlTemplate":"https:\/\/www.monvillone.it\/fr\/?s={search_term_string}"},"query-input":{"@type":"PropertyValueSpecification","valueRequired":true,"valueName":"search_term_string"}}],"inLanguage":"fr-FR"}]}},"featured_image_src":null,"featured_image_src_square":null,"_links":{"self":[{"href":"https:\/\/www.monvillone.it\/fr\/wp-json\/wp\/v2\/pages\/25956","targetHints":{"allow":["GET"]}}],"collection":[{"href":"https:\/\/www.monvillone.it\/fr\/wp-json\/wp\/v2\/pages"}],"about":[{"href":"https:\/\/www.monvillone.it\/fr\/wp-json\/wp\/v2\/types\/page"}],"author":[{"embeddable":true,"href":"https:\/\/www.monvillone.it\/fr\/wp-json\/wp\/v2\/users\/1"}],"replies":[{"embeddable":true,"href":"https:\/\/www.monvillone.it\/fr\/wp-json\/wp\/v2\/comments?post=25956"}],"version-history":[{"count":1,"href":"https:\/\/www.monvillone.it\/fr\/wp-json\/wp\/v2\/pages\/25956\/revisions"}],"predecessor-version":[{"id":26076,"href":"https:\/\/www.monvillone.it\/fr\/wp-json\/wp\/v2\/pages\/25956\/revisions\/26076"}],"wp:attachment":[{"href":"https:\/\/www.monvillone.it\/fr\/wp-json\/wp\/v2\/media?parent=25956"}],"curies":[{"name":"wp","href":"https:\/\/api.w.org\/{rel}","templated":true}]}}