{"id":25944,"date":"2018-11-26T09:35:53","date_gmt":"2018-11-26T08:35:53","guid":{"rendered":"https:\/\/www.monvillone.it\/art\/"},"modified":"2025-07-07T11:06:53","modified_gmt":"2025-07-07T09:06:53","slug":"art","status":"publish","type":"page","link":"https:\/\/www.monvillone.it\/fr\/art\/","title":{"rendered":"Art"},"content":{"rendered":"\n<h2 class=\"wp-block-heading has-text-align-left\">Espace d&rsquo;art permanent<\/h2>\n\n\n\n<p class=\"has-text-align-left\">Laur\u00e9at de s\u00e9lections, membre de l&rsquo;Association italienne des aquarellistes, il expose en Italie et \u00e0 l&rsquo;\u00e9tranger avec l&rsquo;ECWS (Conf\u00e9d\u00e9ration europ\u00e9enne de l&rsquo;aquarelle) et collabore avec la SDWS (Soci\u00e9t\u00e9 d&rsquo;aquarelle de San Diego).<\/p>\n\n\n\n<figure class=\"wp-block-gallery has-nested-images columns-default is-cropped wp-block-gallery-1 is-layout-flex wp-block-gallery-is-layout-flex\">\n<figure class=\"wp-block-image size-large\"><a href=\"http:\/\/monvillone.it\/wp-content\/uploads\/2019\/03\/IMG_1629OOT-1024x683.jpg\"><img loading=\"lazy\" decoding=\"async\" width=\"1024\" height=\"683\" data-id=\"1772\" src=\"http:\/\/monvillone.it\/wp-content\/uploads\/2019\/03\/IMG_1629OOT-1024x683.jpg\" alt=\"Corsi di pittura a Monvillone\" class=\"wp-image-1772\" srcset=\"https:\/\/www.monvillone.it\/wp-content\/uploads\/2019\/03\/IMG_1629OOT-1024x683.jpg 1024w, https:\/\/www.monvillone.it\/wp-content\/uploads\/2019\/03\/IMG_1629OOT-300x200.jpg 300w, https:\/\/www.monvillone.it\/wp-content\/uploads\/2019\/03\/IMG_1629OOT-768x512.jpg 768w, https:\/\/www.monvillone.it\/wp-content\/uploads\/2019\/03\/IMG_1629OOT-1200x800.jpg 1200w, https:\/\/www.monvillone.it\/wp-content\/uploads\/2019\/03\/IMG_1629OOT-600x400.jpg 600w, https:\/\/www.monvillone.it\/wp-content\/uploads\/2019\/03\/IMG_1629OOT.jpg 1680w\" sizes=\"auto, (max-width: 1024px) 100vw, 1024px\" \/><\/a><\/figure>\n\n\n\n<figure class=\"wp-block-image size-large\"><a href=\"http:\/\/monvillone.it\/wp-content\/uploads\/2019\/01\/023-1-1024x683.jpg\"><img loading=\"lazy\" decoding=\"async\" width=\"1024\" height=\"683\" data-id=\"1490\" src=\"http:\/\/monvillone.it\/wp-content\/uploads\/2019\/01\/023-1-1024x683.jpg\" alt=\"\" class=\"wp-image-1490\" srcset=\"https:\/\/www.monvillone.it\/wp-content\/uploads\/2019\/01\/023-1-1024x683.jpg 1024w, https:\/\/www.monvillone.it\/wp-content\/uploads\/2019\/01\/023-1-300x200.jpg 300w, https:\/\/www.monvillone.it\/wp-content\/uploads\/2019\/01\/023-1-768x512.jpg 768w, https:\/\/www.monvillone.it\/wp-content\/uploads\/2019\/01\/023-1.jpg 1620w\" sizes=\"auto, (max-width: 1024px) 100vw, 1024px\" \/><\/a><\/figure>\n\n\n\n<figure class=\"wp-block-image size-large\"><a href=\"http:\/\/monvillone.it\/wp-content\/uploads\/2019\/01\/030-1024x683.jpg\"><img loading=\"lazy\" decoding=\"async\" width=\"1024\" height=\"683\" data-id=\"1487\" src=\"http:\/\/monvillone.it\/wp-content\/uploads\/2019\/01\/030-1024x683.jpg\" alt=\"\" class=\"wp-image-1487\" srcset=\"https:\/\/www.monvillone.it\/wp-content\/uploads\/2019\/01\/030-1024x683.jpg 1024w, https:\/\/www.monvillone.it\/wp-content\/uploads\/2019\/01\/030-300x200.jpg 300w, https:\/\/www.monvillone.it\/wp-content\/uploads\/2019\/01\/030-768x512.jpg 768w, https:\/\/www.monvillone.it\/wp-content\/uploads\/2019\/01\/030.jpg 1620w\" sizes=\"auto, (max-width: 1024px) 100vw, 1024px\" \/><\/a><\/figure>\n<\/figure>\n\n\n\n<blockquote class=\"wp-block-quote has-text-align-left is-layout-flow wp-block-quote-is-layout-flow\">\n<p><em>\u00abMonvillone est depuis vingt ans le lieu de pr\u00e9dilection de Riccardo Conti pour s&rsquo;exprimer en tant qu&rsquo;homme et en tant qu&rsquo;artiste. Au fil des ans, il a cr\u00e9\u00e9 une exposition permanente pour le plaisir de partager son art avec ses visiteurs dans un environnement qu&rsquo;il affectionne.\u00bb<\/em><\/p>\n<cite>Riccardo Conti<br>arte<br>\u201cpaints and passion\u201d<\/cite><\/blockquote>\n\n\n<div class=\"wp-block-image\">\n<figure class=\"aligncenter\"><img loading=\"lazy\" decoding=\"async\" width=\"222\" height=\"143\" src=\"http:\/\/monvillone.it\/wp-content\/uploads\/2019\/01\/Firma.png\" alt=\"\" class=\"wp-image-1468\"\/><\/figure><\/div>\n\n\n<figure class=\"wp-block-gallery has-nested-images columns-default is-cropped wp-block-gallery-2 is-layout-flex wp-block-gallery-is-layout-flex\">\n<figure class=\"wp-block-image size-large\"><a href=\"https:\/\/www.monvillone.it\/wp-content\/uploads\/2019\/02\/DialogoOPT-1024x682.jpg\"><img loading=\"lazy\" decoding=\"async\" width=\"1024\" height=\"682\" data-id=\"1545\" src=\"https:\/\/www.monvillone.it\/wp-content\/uploads\/2019\/02\/DialogoOPT-1024x682.jpg\" alt=\"\" class=\"wp-image-1545\" srcset=\"https:\/\/www.monvillone.it\/wp-content\/uploads\/2019\/02\/DialogoOPT-1024x682.jpg 1024w, https:\/\/www.monvillone.it\/wp-content\/uploads\/2019\/02\/DialogoOPT-300x200.jpg 300w, https:\/\/www.monvillone.it\/wp-content\/uploads\/2019\/02\/DialogoOPT-768x512.jpg 768w, https:\/\/www.monvillone.it\/wp-content\/uploads\/2019\/02\/DialogoOPT.jpg 1280w\" sizes=\"auto, (max-width: 1024px) 100vw, 1024px\" \/><\/a><\/figure>\n\n\n\n<figure class=\"wp-block-image size-large\"><a href=\"https:\/\/www.monvillone.it\/wp-content\/uploads\/2019\/02\/SonnoOPT-1024x772.jpg\"><img loading=\"lazy\" decoding=\"async\" width=\"1024\" height=\"772\" data-id=\"1546\" src=\"https:\/\/www.monvillone.it\/wp-content\/uploads\/2019\/02\/SonnoOPT-1024x772.jpg\" alt=\"\" class=\"wp-image-1546\" srcset=\"https:\/\/www.monvillone.it\/wp-content\/uploads\/2019\/02\/SonnoOPT-1024x772.jpg 1024w, https:\/\/www.monvillone.it\/wp-content\/uploads\/2019\/02\/SonnoOPT-300x226.jpg 300w, https:\/\/www.monvillone.it\/wp-content\/uploads\/2019\/02\/SonnoOPT-768x579.jpg 768w, https:\/\/www.monvillone.it\/wp-content\/uploads\/2019\/02\/SonnoOPT.jpg 1280w\" sizes=\"auto, (max-width: 1024px) 100vw, 1024px\" \/><\/a><\/figure>\n\n\n\n<figure class=\"wp-block-image size-large\"><a href=\"https:\/\/www.monvillone.it\/wp-content\/uploads\/2019\/02\/RisataOPT-1024x1022.jpg\"><img loading=\"lazy\" decoding=\"async\" width=\"1024\" height=\"1022\" data-id=\"1547\" src=\"https:\/\/www.monvillone.it\/wp-content\/uploads\/2019\/02\/RisataOPT-1024x1022.jpg\" alt=\"\" class=\"wp-image-1547\" srcset=\"https:\/\/www.monvillone.it\/wp-content\/uploads\/2019\/02\/RisataOPT-1024x1022.jpg 1024w, https:\/\/www.monvillone.it\/wp-content\/uploads\/2019\/02\/RisataOPT-150x150.jpg 150w, https:\/\/www.monvillone.it\/wp-content\/uploads\/2019\/02\/RisataOPT-300x300.jpg 300w, https:\/\/www.monvillone.it\/wp-content\/uploads\/2019\/02\/RisataOPT-768x767.jpg 768w, https:\/\/www.monvillone.it\/wp-content\/uploads\/2019\/02\/RisataOPT.jpg 1280w\" sizes=\"auto, (max-width: 1024px) 100vw, 1024px\" \/><\/a><\/figure>\n\n\n\n<figure class=\"wp-block-image size-large\"><a href=\"https:\/\/www.monvillone.it\/wp-content\/uploads\/2019\/02\/PastaOPT-775x1024.jpg\"><img loading=\"lazy\" decoding=\"async\" width=\"775\" height=\"1024\" data-id=\"1548\" src=\"https:\/\/www.monvillone.it\/wp-content\/uploads\/2019\/02\/PastaOPT-775x1024.jpg\" alt=\"\" class=\"wp-image-1548\" srcset=\"https:\/\/www.monvillone.it\/wp-content\/uploads\/2019\/02\/PastaOPT-775x1024.jpg 775w, https:\/\/www.monvillone.it\/wp-content\/uploads\/2019\/02\/PastaOPT-227x300.jpg 227w, https:\/\/www.monvillone.it\/wp-content\/uploads\/2019\/02\/PastaOPT-768x1014.jpg 768w, https:\/\/www.monvillone.it\/wp-content\/uploads\/2019\/02\/PastaOPT.jpg 960w\" sizes=\"auto, (max-width: 775px) 100vw, 775px\" \/><\/a><\/figure>\n\n\n\n<figure class=\"wp-block-image size-large\"><a href=\"https:\/\/www.monvillone.it\/wp-content\/uploads\/2019\/02\/EdoOPT-740x1024.jpg\"><img loading=\"lazy\" decoding=\"async\" width=\"740\" height=\"1024\" data-id=\"1549\" src=\"https:\/\/www.monvillone.it\/wp-content\/uploads\/2019\/02\/EdoOPT-740x1024.jpg\" alt=\"\" class=\"wp-image-1549\" srcset=\"https:\/\/www.monvillone.it\/wp-content\/uploads\/2019\/02\/EdoOPT-740x1024.jpg 740w, https:\/\/www.monvillone.it\/wp-content\/uploads\/2019\/02\/EdoOPT-217x300.jpg 217w, https:\/\/www.monvillone.it\/wp-content\/uploads\/2019\/02\/EdoOPT-768x1062.jpg 768w, https:\/\/www.monvillone.it\/wp-content\/uploads\/2019\/02\/EdoOPT.jpg 960w\" sizes=\"auto, (max-width: 740px) 100vw, 740px\" \/><\/a><\/figure>\n\n\n\n<figure class=\"wp-block-image size-large\"><a href=\"https:\/\/www.monvillone.it\/wp-content\/uploads\/2019\/03\/IMG_1671OPT-1024x682.jpg\"><img loading=\"lazy\" decoding=\"async\" width=\"1024\" height=\"682\" data-id=\"1713\" src=\"https:\/\/www.monvillone.it\/wp-content\/uploads\/2019\/03\/IMG_1671OPT-1024x682.jpg\" alt=\"\" class=\"wp-image-1713\" srcset=\"https:\/\/www.monvillone.it\/wp-content\/uploads\/2019\/03\/IMG_1671OPT-1024x682.jpg 1024w, https:\/\/www.monvillone.it\/wp-content\/uploads\/2019\/03\/IMG_1671OPT-300x200.jpg 300w, https:\/\/www.monvillone.it\/wp-content\/uploads\/2019\/03\/IMG_1671OPT-768x512.jpg 768w, https:\/\/www.monvillone.it\/wp-content\/uploads\/2019\/03\/IMG_1671OPT-1200x800.jpg 1200w, https:\/\/www.monvillone.it\/wp-content\/uploads\/2019\/03\/IMG_1671OPT.jpg 1280w\" sizes=\"auto, (max-width: 1024px) 100vw, 1024px\" \/><\/a><\/figure>\n\n\n\n<figure class=\"wp-block-image size-large\"><a href=\"https:\/\/www.monvillone.it\/wp-content\/uploads\/2019\/03\/IMG_1696OPT-1024x683.jpg\"><img loading=\"lazy\" decoding=\"async\" width=\"1024\" height=\"683\" data-id=\"1714\" src=\"https:\/\/www.monvillone.it\/wp-content\/uploads\/2019\/03\/IMG_1696OPT-1024x683.jpg\" alt=\"\" class=\"wp-image-1714\" srcset=\"https:\/\/www.monvillone.it\/wp-content\/uploads\/2019\/03\/IMG_1696OPT-1024x683.jpg 1024w, https:\/\/www.monvillone.it\/wp-content\/uploads\/2019\/03\/IMG_1696OPT-300x200.jpg 300w, https:\/\/www.monvillone.it\/wp-content\/uploads\/2019\/03\/IMG_1696OPT-768x512.jpg 768w, https:\/\/www.monvillone.it\/wp-content\/uploads\/2019\/03\/IMG_1696OPT-1200x800.jpg 1200w, https:\/\/www.monvillone.it\/wp-content\/uploads\/2019\/03\/IMG_1696OPT.jpg 1680w\" sizes=\"auto, (max-width: 1024px) 100vw, 1024px\" \/><\/a><\/figure>\n\n\n\n<figure class=\"wp-block-image size-large\"><a href=\"https:\/\/www.monvillone.it\/wp-content\/uploads\/2020\/05\/Orsachiotto.jpg\"><img loading=\"lazy\" decoding=\"async\" width=\"1024\" height=\"753\" data-id=\"3214\" src=\"https:\/\/www.monvillone.it\/wp-content\/uploads\/2020\/05\/Orsachiotto.jpg\" alt=\"\" class=\"wp-image-3214\" srcset=\"https:\/\/www.monvillone.it\/wp-content\/uploads\/2020\/05\/Orsachiotto.jpg 1024w, https:\/\/www.monvillone.it\/wp-content\/uploads\/2020\/05\/Orsachiotto-300x221.jpg 300w, https:\/\/www.monvillone.it\/wp-content\/uploads\/2020\/05\/Orsachiotto-768x565.jpg 768w\" sizes=\"auto, (max-width: 1024px) 100vw, 1024px\" \/><\/a><\/figure>\n\n\n\n<figure class=\"wp-block-image size-large\"><a href=\"https:\/\/www.monvillone.it\/wp-content\/uploads\/2020\/05\/Battaglia-Navale.jpg\"><img loading=\"lazy\" decoding=\"async\" width=\"1024\" height=\"759\" data-id=\"3215\" src=\"https:\/\/www.monvillone.it\/wp-content\/uploads\/2020\/05\/Battaglia-Navale.jpg\" alt=\"\" class=\"wp-image-3215\" srcset=\"https:\/\/www.monvillone.it\/wp-content\/uploads\/2020\/05\/Battaglia-Navale.jpg 1024w, https:\/\/www.monvillone.it\/wp-content\/uploads\/2020\/05\/Battaglia-Navale-300x222.jpg 300w, https:\/\/www.monvillone.it\/wp-content\/uploads\/2020\/05\/Battaglia-Navale-768x569.jpg 768w\" sizes=\"auto, (max-width: 1024px) 100vw, 1024px\" \/><\/a><\/figure>\n\n\n\n<figure class=\"wp-block-image size-large\"><a href=\"https:\/\/www.monvillone.it\/wp-content\/uploads\/2020\/05\/Cavalli.jpg\"><img loading=\"lazy\" decoding=\"async\" width=\"1024\" height=\"764\" data-id=\"3216\" src=\"https:\/\/www.monvillone.it\/wp-content\/uploads\/2020\/05\/Cavalli.jpg\" alt=\"\" class=\"wp-image-3216\" srcset=\"https:\/\/www.monvillone.it\/wp-content\/uploads\/2020\/05\/Cavalli.jpg 1024w, https:\/\/www.monvillone.it\/wp-content\/uploads\/2020\/05\/Cavalli-300x224.jpg 300w, https:\/\/www.monvillone.it\/wp-content\/uploads\/2020\/05\/Cavalli-768x573.jpg 768w\" sizes=\"auto, (max-width: 1024px) 100vw, 1024px\" \/><\/a><\/figure>\n\n\n\n<figure class=\"wp-block-image size-large\"><a href=\"https:\/\/www.monvillone.it\/wp-content\/uploads\/2020\/05\/Gatto.jpg\"><img loading=\"lazy\" decoding=\"async\" width=\"980\" height=\"925\" data-id=\"3217\" src=\"https:\/\/www.monvillone.it\/wp-content\/uploads\/2020\/05\/Gatto.jpg\" alt=\"\" class=\"wp-image-3217\" srcset=\"https:\/\/www.monvillone.it\/wp-content\/uploads\/2020\/05\/Gatto.jpg 980w, https:\/\/www.monvillone.it\/wp-content\/uploads\/2020\/05\/Gatto-300x283.jpg 300w, https:\/\/www.monvillone.it\/wp-content\/uploads\/2020\/05\/Gatto-768x725.jpg 768w\" sizes=\"auto, (max-width: 980px) 100vw, 980px\" \/><\/a><\/figure>\n\n\n\n<figure class=\"wp-block-image size-large\"><a href=\"https:\/\/www.monvillone.it\/wp-content\/uploads\/2020\/05\/Spinone.jpg\"><img loading=\"lazy\" decoding=\"async\" width=\"740\" height=\"998\" data-id=\"3218\" src=\"https:\/\/www.monvillone.it\/wp-content\/uploads\/2020\/05\/Spinone.jpg\" alt=\"\" class=\"wp-image-3218\" srcset=\"https:\/\/www.monvillone.it\/wp-content\/uploads\/2020\/05\/Spinone.jpg 740w, https:\/\/www.monvillone.it\/wp-content\/uploads\/2020\/05\/Spinone-222x300.jpg 222w\" sizes=\"auto, (max-width: 740px) 100vw, 740px\" \/><\/a><\/figure>\n<\/figure>\n\n\n\n<p>Une s\u00e9lection d&rsquo;\u0153uvres et de tirages en \u00e9dition limit\u00e9e est disponible sur demande\u00a0: contactez-nous dans la section \u00ab\u00a0Contacts\u00a0\u00bb pour plus d&rsquo;informations\u00a0!<\/p>\n\n\n\n<h2 class=\"wp-block-heading\" id=\"mce_1\">Publications et expositions<\/h2>\n\n\n\n<figure class=\"wp-block-gallery has-nested-images columns-default is-cropped wp-block-gallery-3 is-layout-flex wp-block-gallery-is-layout-flex\">\n<figure class=\"wp-block-image size-large\"><img loading=\"lazy\" decoding=\"async\" width=\"980\" height=\"653\" data-id=\"1717\" src=\"http:\/\/monvillone.it\/wp-content\/uploads\/2019\/03\/IMG_1868OPT.jpg\" alt=\"\" class=\"wp-image-1717\" srcset=\"https:\/\/www.monvillone.it\/wp-content\/uploads\/2019\/03\/IMG_1868OPT.jpg 980w, https:\/\/www.monvillone.it\/wp-content\/uploads\/2019\/03\/IMG_1868OPT-300x200.jpg 300w, https:\/\/www.monvillone.it\/wp-content\/uploads\/2019\/03\/IMG_1868OPT-768x512.jpg 768w\" sizes=\"auto, (max-width: 980px) 100vw, 980px\" \/><\/figure>\n\n\n\n<figure class=\"wp-block-image size-large\"><img loading=\"lazy\" decoding=\"async\" width=\"980\" height=\"653\" data-id=\"1718\" src=\"http:\/\/monvillone.it\/wp-content\/uploads\/2019\/03\/IMG_1877OPT.jpg\" alt=\"\" class=\"wp-image-1718\" srcset=\"https:\/\/www.monvillone.it\/wp-content\/uploads\/2019\/03\/IMG_1877OPT.jpg 980w, https:\/\/www.monvillone.it\/wp-content\/uploads\/2019\/03\/IMG_1877OPT-300x200.jpg 300w, https:\/\/www.monvillone.it\/wp-content\/uploads\/2019\/03\/IMG_1877OPT-768x512.jpg 768w\" sizes=\"auto, (max-width: 980px) 100vw, 980px\" \/><\/figure>\n<\/figure>\n","protected":false},"excerpt":{"rendered":"<p>Espace d&rsquo;art permanent Laur\u00e9at de s\u00e9lections, membre de l&rsquo;Association italienne des aquarellistes, il expose en Italie et \u00e0 l&rsquo;\u00e9tranger avec l&rsquo;ECWS (Conf\u00e9d\u00e9ration europ\u00e9enne de l&rsquo;aquarelle) et collabore avec la SDWS (Soci\u00e9t\u00e9 d&rsquo;aquarelle de San Diego). \u00abMonvillone est depuis vingt ans le lieu de pr\u00e9dilection de Riccardo Conti pour s&rsquo;exprimer en tant qu&rsquo;homme et en tant [&hellip;]<\/p>\n","protected":false},"author":1,"featured_media":25326,"parent":0,"menu_order":0,"comment_status":"closed","ping_status":"closed","template":"","meta":{"_genesis_hide_title":false,"_genesis_hide_breadcrumbs":false,"_genesis_hide_singular_image":false,"_genesis_hide_footer_widgets":false,"_genesis_custom_body_class":"","_genesis_custom_post_class":"","_genesis_layout":"","footnotes":""},"class_list":{"0":"post-25944","1":"page","2":"type-page","3":"status-publish","4":"has-post-thumbnail","6":"entry"},"yoast_head":"<!-- This site is optimized with the Yoast SEO plugin v25.3.1 - https:\/\/yoast.com\/wordpress\/plugins\/seo\/ -->\n<title>Galleria d&#039;arte permanente - Tenuta Monvillone Country House &amp; Restaurant<\/title>\n<meta name=\"description\" content=\"Riccardo Conti, art de la peinture et passion. Monvillone est une galerie d&#039;art permanente, les lieux en r\u00e9alit\u00e9 sont fr\u00e9quent\u00e9s par les artistes de Riccardo Conti.\" \/>\n<meta name=\"robots\" content=\"index, follow, max-snippet:-1, max-image-preview:large, max-video-preview:-1\" \/>\n<link rel=\"canonical\" href=\"https:\/\/www.monvillone.it\/fr\/art\/\" \/>\n<meta property=\"og:locale\" content=\"fr_FR\" \/>\n<meta property=\"og:type\" content=\"article\" \/>\n<meta property=\"og:title\" content=\"Galleria d&#039;arte permanente - Tenuta Monvillone Country House &amp; Restaurant\" \/>\n<meta property=\"og:description\" content=\"Riccardo Conti, art de la peinture et passion. Monvillone est une galerie d&#039;art permanente, les lieux en r\u00e9alit\u00e9 sont fr\u00e9quent\u00e9s par les artistes de Riccardo Conti.\" \/>\n<meta property=\"og:url\" content=\"https:\/\/www.monvillone.it\/fr\/art\/\" \/>\n<meta property=\"og:site_name\" content=\"Tenuta Monvillone Country House &amp; Restaurant\" \/>\n<meta property=\"article:modified_time\" content=\"2025-07-07T09:06:53+00:00\" \/>\n<meta property=\"og:image\" content=\"https:\/\/www.monvillone.it\/wp-content\/uploads\/2019\/03\/IMG_1685OPT.jpg\" \/>\n\t<meta property=\"og:image:width\" content=\"1680\" \/>\n\t<meta property=\"og:image:height\" content=\"1120\" \/>\n\t<meta property=\"og:image:type\" content=\"image\/jpeg\" \/>\n<meta name=\"twitter:card\" content=\"summary_large_image\" \/>\n<meta name=\"twitter:label1\" content=\"Dur\u00e9e de lecture estim\u00e9e\" \/>\n\t<meta name=\"twitter:data1\" content=\"5 minutes\" \/>\n<script type=\"application\/ld+json\" class=\"yoast-schema-graph\">{\"@context\":\"https:\/\/schema.org\",\"@graph\":[{\"@type\":\"WebPage\",\"@id\":\"https:\/\/www.monvillone.it\/fr\/art\/\",\"url\":\"https:\/\/www.monvillone.it\/fr\/art\/\",\"name\":\"Galleria d'arte permanente - Tenuta Monvillone Country House &amp; Restaurant\",\"isPartOf\":{\"@id\":\"https:\/\/www.monvillone.it\/fr\/#website\"},\"primaryImageOfPage\":{\"@id\":\"https:\/\/www.monvillone.it\/fr\/art\/#primaryimage\"},\"image\":{\"@id\":\"https:\/\/www.monvillone.it\/fr\/art\/#primaryimage\"},\"thumbnailUrl\":\"https:\/\/www.monvillone.it\/wp-content\/uploads\/2019\/03\/IMG_1685OPT.jpg\",\"datePublished\":\"2018-11-26T08:35:53+00:00\",\"dateModified\":\"2025-07-07T09:06:53+00:00\",\"description\":\"Riccardo Conti, art de la peinture et passion. Monvillone est une galerie d'art permanente, les lieux en r\u00e9alit\u00e9 sont fr\u00e9quent\u00e9s par les artistes de Riccardo Conti.\",\"breadcrumb\":{\"@id\":\"https:\/\/www.monvillone.it\/fr\/art\/#breadcrumb\"},\"inLanguage\":\"fr-FR\",\"potentialAction\":[{\"@type\":\"ReadAction\",\"target\":[\"https:\/\/www.monvillone.it\/fr\/art\/\"]}]},{\"@type\":\"ImageObject\",\"inLanguage\":\"fr-FR\",\"@id\":\"https:\/\/www.monvillone.it\/fr\/art\/#primaryimage\",\"url\":\"https:\/\/www.monvillone.it\/wp-content\/uploads\/2019\/03\/IMG_1685OPT.jpg\",\"contentUrl\":\"https:\/\/www.monvillone.it\/wp-content\/uploads\/2019\/03\/IMG_1685OPT.jpg\",\"width\":1680,\"height\":1120,\"caption\":\"Galleria d'arte permanente Monvillone\"},{\"@type\":\"BreadcrumbList\",\"@id\":\"https:\/\/www.monvillone.it\/fr\/art\/#breadcrumb\",\"itemListElement\":[{\"@type\":\"ListItem\",\"position\":1,\"name\":\"Home\",\"item\":\"https:\/\/www.monvillone.it\/fr\/\"},{\"@type\":\"ListItem\",\"position\":2,\"name\":\"Art\"}]},{\"@type\":\"WebSite\",\"@id\":\"https:\/\/www.monvillone.it\/fr\/#website\",\"url\":\"https:\/\/www.monvillone.it\/fr\/\",\"name\":\"Tenuta Monvillone Country House &amp; Restaurant\",\"description\":\"\",\"potentialAction\":[{\"@type\":\"SearchAction\",\"target\":{\"@type\":\"EntryPoint\",\"urlTemplate\":\"https:\/\/www.monvillone.it\/fr\/?s={search_term_string}\"},\"query-input\":{\"@type\":\"PropertyValueSpecification\",\"valueRequired\":true,\"valueName\":\"search_term_string\"}}],\"inLanguage\":\"fr-FR\"}]}<\/script>\n<!-- \/ Yoast SEO plugin. -->","yoast_head_json":{"title":"Galleria d'arte permanente - Tenuta Monvillone Country House &amp; Restaurant","description":"Riccardo Conti, art de la peinture et passion. Monvillone est une galerie d'art permanente, les lieux en r\u00e9alit\u00e9 sont fr\u00e9quent\u00e9s par les artistes de Riccardo Conti.","robots":{"index":"index","follow":"follow","max-snippet":"max-snippet:-1","max-image-preview":"max-image-preview:large","max-video-preview":"max-video-preview:-1"},"canonical":"https:\/\/www.monvillone.it\/fr\/art\/","og_locale":"fr_FR","og_type":"article","og_title":"Galleria d'arte permanente - Tenuta Monvillone Country House &amp; Restaurant","og_description":"Riccardo Conti, art de la peinture et passion. Monvillone est une galerie d'art permanente, les lieux en r\u00e9alit\u00e9 sont fr\u00e9quent\u00e9s par les artistes de Riccardo Conti.","og_url":"https:\/\/www.monvillone.it\/fr\/art\/","og_site_name":"Tenuta Monvillone Country House &amp; Restaurant","article_modified_time":"2025-07-07T09:06:53+00:00","og_image":[{"width":1680,"height":1120,"url":"https:\/\/www.monvillone.it\/wp-content\/uploads\/2019\/03\/IMG_1685OPT.jpg","type":"image\/jpeg"}],"twitter_card":"summary_large_image","twitter_misc":{"Dur\u00e9e de lecture estim\u00e9e":"5 minutes"},"schema":{"@context":"https:\/\/schema.org","@graph":[{"@type":"WebPage","@id":"https:\/\/www.monvillone.it\/fr\/art\/","url":"https:\/\/www.monvillone.it\/fr\/art\/","name":"Galleria d'arte permanente - Tenuta Monvillone Country House &amp; Restaurant","isPartOf":{"@id":"https:\/\/www.monvillone.it\/fr\/#website"},"primaryImageOfPage":{"@id":"https:\/\/www.monvillone.it\/fr\/art\/#primaryimage"},"image":{"@id":"https:\/\/www.monvillone.it\/fr\/art\/#primaryimage"},"thumbnailUrl":"https:\/\/www.monvillone.it\/wp-content\/uploads\/2019\/03\/IMG_1685OPT.jpg","datePublished":"2018-11-26T08:35:53+00:00","dateModified":"2025-07-07T09:06:53+00:00","description":"Riccardo Conti, art de la peinture et passion. Monvillone est une galerie d'art permanente, les lieux en r\u00e9alit\u00e9 sont fr\u00e9quent\u00e9s par les artistes de Riccardo Conti.","breadcrumb":{"@id":"https:\/\/www.monvillone.it\/fr\/art\/#breadcrumb"},"inLanguage":"fr-FR","potentialAction":[{"@type":"ReadAction","target":["https:\/\/www.monvillone.it\/fr\/art\/"]}]},{"@type":"ImageObject","inLanguage":"fr-FR","@id":"https:\/\/www.monvillone.it\/fr\/art\/#primaryimage","url":"https:\/\/www.monvillone.it\/wp-content\/uploads\/2019\/03\/IMG_1685OPT.jpg","contentUrl":"https:\/\/www.monvillone.it\/wp-content\/uploads\/2019\/03\/IMG_1685OPT.jpg","width":1680,"height":1120,"caption":"Galleria d'arte permanente Monvillone"},{"@type":"BreadcrumbList","@id":"https:\/\/www.monvillone.it\/fr\/art\/#breadcrumb","itemListElement":[{"@type":"ListItem","position":1,"name":"Home","item":"https:\/\/www.monvillone.it\/fr\/"},{"@type":"ListItem","position":2,"name":"Art"}]},{"@type":"WebSite","@id":"https:\/\/www.monvillone.it\/fr\/#website","url":"https:\/\/www.monvillone.it\/fr\/","name":"Tenuta Monvillone Country House &amp; Restaurant","description":"","potentialAction":[{"@type":"SearchAction","target":{"@type":"EntryPoint","urlTemplate":"https:\/\/www.monvillone.it\/fr\/?s={search_term_string}"},"query-input":{"@type":"PropertyValueSpecification","valueRequired":true,"valueName":"search_term_string"}}],"inLanguage":"fr-FR"}]}},"featured_image_src":"https:\/\/www.monvillone.it\/wp-content\/uploads\/2019\/03\/IMG_1685OPT.jpg","featured_image_src_square":"https:\/\/www.monvillone.it\/wp-content\/uploads\/2019\/03\/IMG_1685OPT.jpg","_links":{"self":[{"href":"https:\/\/www.monvillone.it\/fr\/wp-json\/wp\/v2\/pages\/25944","targetHints":{"allow":["GET"]}}],"collection":[{"href":"https:\/\/www.monvillone.it\/fr\/wp-json\/wp\/v2\/pages"}],"about":[{"href":"https:\/\/www.monvillone.it\/fr\/wp-json\/wp\/v2\/types\/page"}],"author":[{"embeddable":true,"href":"https:\/\/www.monvillone.it\/fr\/wp-json\/wp\/v2\/users\/1"}],"replies":[{"embeddable":true,"href":"https:\/\/www.monvillone.it\/fr\/wp-json\/wp\/v2\/comments?post=25944"}],"version-history":[{"count":1,"href":"https:\/\/www.monvillone.it\/fr\/wp-json\/wp\/v2\/pages\/25944\/revisions"}],"predecessor-version":[{"id":25999,"href":"https:\/\/www.monvillone.it\/fr\/wp-json\/wp\/v2\/pages\/25944\/revisions\/25999"}],"wp:featuredmedia":[{"embeddable":true,"href":"https:\/\/www.monvillone.it\/fr\/wp-json\/wp\/v2\/media\/25326"}],"wp:attachment":[{"href":"https:\/\/www.monvillone.it\/fr\/wp-json\/wp\/v2\/media?parent=25944"}],"curies":[{"name":"wp","href":"https:\/\/api.w.org\/{rel}","templated":true}]}}