{"id":25945,"date":"2018-11-26T09:35:53","date_gmt":"2018-11-26T08:35:53","guid":{"rendered":"https:\/\/www.monvillone.it\/art\/"},"modified":"2025-07-07T11:05:29","modified_gmt":"2025-07-07T09:05:29","slug":"art","status":"publish","type":"page","link":"https:\/\/www.monvillone.it\/de\/art\/","title":{"rendered":"Art"},"content":{"rendered":"\n<h2 class=\"wp-block-heading has-text-align-left\">Permanenter Kunstraum<\/h2>\n\n\n\n<p class=\"has-text-align-left\">Er ist Gewinner ausgew\u00e4hlter Wettbewerbe und Mitglied der italienischen Aquarellistenvereinigung. Er stellt in Italien und im Ausland mit der ECWS (European Confederation of Watercolor) aus und arbeitet mit der SDWS (San Diego Watercolor Society) zusammen.<\/p>\n\n\n\n<figure class=\"wp-block-gallery has-nested-images columns-default is-cropped wp-block-gallery-1 is-layout-flex wp-block-gallery-is-layout-flex\">\n<figure class=\"wp-block-image size-large\"><a href=\"http:\/\/monvillone.it\/wp-content\/uploads\/2019\/03\/IMG_1629OOT-1024x683.jpg\"><img loading=\"lazy\" decoding=\"async\" width=\"1024\" height=\"683\" data-id=\"1772\" src=\"http:\/\/monvillone.it\/wp-content\/uploads\/2019\/03\/IMG_1629OOT-1024x683.jpg\" alt=\"Corsi di pittura a Monvillone\" class=\"wp-image-1772\" srcset=\"https:\/\/www.monvillone.it\/wp-content\/uploads\/2019\/03\/IMG_1629OOT-1024x683.jpg 1024w, https:\/\/www.monvillone.it\/wp-content\/uploads\/2019\/03\/IMG_1629OOT-300x200.jpg 300w, https:\/\/www.monvillone.it\/wp-content\/uploads\/2019\/03\/IMG_1629OOT-768x512.jpg 768w, https:\/\/www.monvillone.it\/wp-content\/uploads\/2019\/03\/IMG_1629OOT-1200x800.jpg 1200w, https:\/\/www.monvillone.it\/wp-content\/uploads\/2019\/03\/IMG_1629OOT-600x400.jpg 600w, https:\/\/www.monvillone.it\/wp-content\/uploads\/2019\/03\/IMG_1629OOT.jpg 1680w\" sizes=\"auto, (max-width: 1024px) 100vw, 1024px\" \/><\/a><\/figure>\n\n\n\n<figure class=\"wp-block-image size-large\"><a href=\"http:\/\/monvillone.it\/wp-content\/uploads\/2019\/01\/023-1-1024x683.jpg\"><img loading=\"lazy\" decoding=\"async\" width=\"1024\" height=\"683\" data-id=\"1490\" src=\"http:\/\/monvillone.it\/wp-content\/uploads\/2019\/01\/023-1-1024x683.jpg\" alt=\"\" class=\"wp-image-1490\" srcset=\"https:\/\/www.monvillone.it\/wp-content\/uploads\/2019\/01\/023-1-1024x683.jpg 1024w, https:\/\/www.monvillone.it\/wp-content\/uploads\/2019\/01\/023-1-300x200.jpg 300w, https:\/\/www.monvillone.it\/wp-content\/uploads\/2019\/01\/023-1-768x512.jpg 768w, https:\/\/www.monvillone.it\/wp-content\/uploads\/2019\/01\/023-1.jpg 1620w\" sizes=\"auto, (max-width: 1024px) 100vw, 1024px\" \/><\/a><\/figure>\n\n\n\n<figure class=\"wp-block-image size-large\"><a href=\"http:\/\/monvillone.it\/wp-content\/uploads\/2019\/01\/030-1024x683.jpg\"><img loading=\"lazy\" decoding=\"async\" width=\"1024\" height=\"683\" data-id=\"1487\" src=\"http:\/\/monvillone.it\/wp-content\/uploads\/2019\/01\/030-1024x683.jpg\" alt=\"\" class=\"wp-image-1487\" srcset=\"https:\/\/www.monvillone.it\/wp-content\/uploads\/2019\/01\/030-1024x683.jpg 1024w, https:\/\/www.monvillone.it\/wp-content\/uploads\/2019\/01\/030-300x200.jpg 300w, https:\/\/www.monvillone.it\/wp-content\/uploads\/2019\/01\/030-768x512.jpg 768w, https:\/\/www.monvillone.it\/wp-content\/uploads\/2019\/01\/030.jpg 1620w\" sizes=\"auto, (max-width: 1024px) 100vw, 1024px\" \/><\/a><\/figure>\n<\/figure>\n\n\n\n<blockquote class=\"wp-block-quote has-text-align-left is-layout-flow wp-block-quote-is-layout-flow\">\n<p><em>&#8222;Monvillone ist seit zwanzig Jahren Riccardo Contis Lieblingsort, um sich als Mensch und K\u00fcnstler auszudr\u00fccken. Im Laufe der Jahre hat er eine Dauerausstellung eingerichtet, um seine Kunst in einer Umgebung, die er liebt, mit G\u00e4sten zu teilen.\u201c<\/em><\/p>\n<cite>Riccardo Conti<br>arte<br>\u201cpaints and passion\u201d<\/cite><\/blockquote>\n\n\n<div class=\"wp-block-image\">\n<figure class=\"aligncenter\"><img loading=\"lazy\" decoding=\"async\" width=\"222\" height=\"143\" src=\"http:\/\/monvillone.it\/wp-content\/uploads\/2019\/01\/Firma.png\" alt=\"\" class=\"wp-image-1468\"\/><\/figure><\/div>\n\n\n<figure class=\"wp-block-gallery has-nested-images columns-default is-cropped wp-block-gallery-2 is-layout-flex wp-block-gallery-is-layout-flex\">\n<figure class=\"wp-block-image size-large\"><a href=\"https:\/\/www.monvillone.it\/wp-content\/uploads\/2019\/02\/DialogoOPT-1024x682.jpg\"><img loading=\"lazy\" decoding=\"async\" width=\"1024\" height=\"682\" data-id=\"1545\" src=\"https:\/\/www.monvillone.it\/wp-content\/uploads\/2019\/02\/DialogoOPT-1024x682.jpg\" alt=\"\" class=\"wp-image-1545\" srcset=\"https:\/\/www.monvillone.it\/wp-content\/uploads\/2019\/02\/DialogoOPT-1024x682.jpg 1024w, https:\/\/www.monvillone.it\/wp-content\/uploads\/2019\/02\/DialogoOPT-300x200.jpg 300w, https:\/\/www.monvillone.it\/wp-content\/uploads\/2019\/02\/DialogoOPT-768x512.jpg 768w, https:\/\/www.monvillone.it\/wp-content\/uploads\/2019\/02\/DialogoOPT.jpg 1280w\" sizes=\"auto, (max-width: 1024px) 100vw, 1024px\" \/><\/a><\/figure>\n\n\n\n<figure class=\"wp-block-image size-large\"><a href=\"https:\/\/www.monvillone.it\/wp-content\/uploads\/2019\/02\/SonnoOPT-1024x772.jpg\"><img loading=\"lazy\" decoding=\"async\" width=\"1024\" height=\"772\" data-id=\"1546\" src=\"https:\/\/www.monvillone.it\/wp-content\/uploads\/2019\/02\/SonnoOPT-1024x772.jpg\" alt=\"\" class=\"wp-image-1546\" srcset=\"https:\/\/www.monvillone.it\/wp-content\/uploads\/2019\/02\/SonnoOPT-1024x772.jpg 1024w, https:\/\/www.monvillone.it\/wp-content\/uploads\/2019\/02\/SonnoOPT-300x226.jpg 300w, https:\/\/www.monvillone.it\/wp-content\/uploads\/2019\/02\/SonnoOPT-768x579.jpg 768w, https:\/\/www.monvillone.it\/wp-content\/uploads\/2019\/02\/SonnoOPT.jpg 1280w\" sizes=\"auto, (max-width: 1024px) 100vw, 1024px\" \/><\/a><\/figure>\n\n\n\n<figure class=\"wp-block-image size-large\"><a href=\"https:\/\/www.monvillone.it\/wp-content\/uploads\/2019\/02\/RisataOPT-1024x1022.jpg\"><img loading=\"lazy\" decoding=\"async\" width=\"1024\" height=\"1022\" data-id=\"1547\" src=\"https:\/\/www.monvillone.it\/wp-content\/uploads\/2019\/02\/RisataOPT-1024x1022.jpg\" alt=\"\" class=\"wp-image-1547\" srcset=\"https:\/\/www.monvillone.it\/wp-content\/uploads\/2019\/02\/RisataOPT-1024x1022.jpg 1024w, https:\/\/www.monvillone.it\/wp-content\/uploads\/2019\/02\/RisataOPT-150x150.jpg 150w, https:\/\/www.monvillone.it\/wp-content\/uploads\/2019\/02\/RisataOPT-300x300.jpg 300w, https:\/\/www.monvillone.it\/wp-content\/uploads\/2019\/02\/RisataOPT-768x767.jpg 768w, https:\/\/www.monvillone.it\/wp-content\/uploads\/2019\/02\/RisataOPT.jpg 1280w\" sizes=\"auto, (max-width: 1024px) 100vw, 1024px\" \/><\/a><\/figure>\n\n\n\n<figure class=\"wp-block-image size-large\"><a href=\"https:\/\/www.monvillone.it\/wp-content\/uploads\/2019\/02\/PastaOPT-775x1024.jpg\"><img loading=\"lazy\" decoding=\"async\" width=\"775\" height=\"1024\" data-id=\"1548\" src=\"https:\/\/www.monvillone.it\/wp-content\/uploads\/2019\/02\/PastaOPT-775x1024.jpg\" alt=\"\" class=\"wp-image-1548\" srcset=\"https:\/\/www.monvillone.it\/wp-content\/uploads\/2019\/02\/PastaOPT-775x1024.jpg 775w, https:\/\/www.monvillone.it\/wp-content\/uploads\/2019\/02\/PastaOPT-227x300.jpg 227w, https:\/\/www.monvillone.it\/wp-content\/uploads\/2019\/02\/PastaOPT-768x1014.jpg 768w, https:\/\/www.monvillone.it\/wp-content\/uploads\/2019\/02\/PastaOPT.jpg 960w\" sizes=\"auto, (max-width: 775px) 100vw, 775px\" \/><\/a><\/figure>\n\n\n\n<figure class=\"wp-block-image size-large\"><a href=\"https:\/\/www.monvillone.it\/wp-content\/uploads\/2019\/02\/EdoOPT-740x1024.jpg\"><img loading=\"lazy\" decoding=\"async\" width=\"740\" height=\"1024\" data-id=\"1549\" src=\"https:\/\/www.monvillone.it\/wp-content\/uploads\/2019\/02\/EdoOPT-740x1024.jpg\" alt=\"\" class=\"wp-image-1549\" srcset=\"https:\/\/www.monvillone.it\/wp-content\/uploads\/2019\/02\/EdoOPT-740x1024.jpg 740w, https:\/\/www.monvillone.it\/wp-content\/uploads\/2019\/02\/EdoOPT-217x300.jpg 217w, https:\/\/www.monvillone.it\/wp-content\/uploads\/2019\/02\/EdoOPT-768x1062.jpg 768w, https:\/\/www.monvillone.it\/wp-content\/uploads\/2019\/02\/EdoOPT.jpg 960w\" sizes=\"auto, (max-width: 740px) 100vw, 740px\" \/><\/a><\/figure>\n\n\n\n<figure class=\"wp-block-image size-large\"><a href=\"https:\/\/www.monvillone.it\/wp-content\/uploads\/2019\/03\/IMG_1671OPT-1024x682.jpg\"><img loading=\"lazy\" decoding=\"async\" width=\"1024\" height=\"682\" data-id=\"1713\" src=\"https:\/\/www.monvillone.it\/wp-content\/uploads\/2019\/03\/IMG_1671OPT-1024x682.jpg\" alt=\"\" class=\"wp-image-1713\" srcset=\"https:\/\/www.monvillone.it\/wp-content\/uploads\/2019\/03\/IMG_1671OPT-1024x682.jpg 1024w, https:\/\/www.monvillone.it\/wp-content\/uploads\/2019\/03\/IMG_1671OPT-300x200.jpg 300w, https:\/\/www.monvillone.it\/wp-content\/uploads\/2019\/03\/IMG_1671OPT-768x512.jpg 768w, https:\/\/www.monvillone.it\/wp-content\/uploads\/2019\/03\/IMG_1671OPT-1200x800.jpg 1200w, https:\/\/www.monvillone.it\/wp-content\/uploads\/2019\/03\/IMG_1671OPT.jpg 1280w\" sizes=\"auto, (max-width: 1024px) 100vw, 1024px\" \/><\/a><\/figure>\n\n\n\n<figure class=\"wp-block-image size-large\"><a href=\"https:\/\/www.monvillone.it\/wp-content\/uploads\/2019\/03\/IMG_1696OPT-1024x683.jpg\"><img loading=\"lazy\" decoding=\"async\" width=\"1024\" height=\"683\" data-id=\"1714\" src=\"https:\/\/www.monvillone.it\/wp-content\/uploads\/2019\/03\/IMG_1696OPT-1024x683.jpg\" alt=\"\" class=\"wp-image-1714\" srcset=\"https:\/\/www.monvillone.it\/wp-content\/uploads\/2019\/03\/IMG_1696OPT-1024x683.jpg 1024w, https:\/\/www.monvillone.it\/wp-content\/uploads\/2019\/03\/IMG_1696OPT-300x200.jpg 300w, https:\/\/www.monvillone.it\/wp-content\/uploads\/2019\/03\/IMG_1696OPT-768x512.jpg 768w, https:\/\/www.monvillone.it\/wp-content\/uploads\/2019\/03\/IMG_1696OPT-1200x800.jpg 1200w, https:\/\/www.monvillone.it\/wp-content\/uploads\/2019\/03\/IMG_1696OPT.jpg 1680w\" sizes=\"auto, (max-width: 1024px) 100vw, 1024px\" \/><\/a><\/figure>\n\n\n\n<figure class=\"wp-block-image size-large\"><a href=\"https:\/\/www.monvillone.it\/wp-content\/uploads\/2020\/05\/Orsachiotto.jpg\"><img loading=\"lazy\" decoding=\"async\" width=\"1024\" height=\"753\" data-id=\"3214\" src=\"https:\/\/www.monvillone.it\/wp-content\/uploads\/2020\/05\/Orsachiotto.jpg\" alt=\"\" class=\"wp-image-3214\" srcset=\"https:\/\/www.monvillone.it\/wp-content\/uploads\/2020\/05\/Orsachiotto.jpg 1024w, https:\/\/www.monvillone.it\/wp-content\/uploads\/2020\/05\/Orsachiotto-300x221.jpg 300w, https:\/\/www.monvillone.it\/wp-content\/uploads\/2020\/05\/Orsachiotto-768x565.jpg 768w\" sizes=\"auto, (max-width: 1024px) 100vw, 1024px\" \/><\/a><\/figure>\n\n\n\n<figure class=\"wp-block-image size-large\"><a href=\"https:\/\/www.monvillone.it\/wp-content\/uploads\/2020\/05\/Battaglia-Navale.jpg\"><img loading=\"lazy\" decoding=\"async\" width=\"1024\" height=\"759\" data-id=\"3215\" src=\"https:\/\/www.monvillone.it\/wp-content\/uploads\/2020\/05\/Battaglia-Navale.jpg\" alt=\"\" class=\"wp-image-3215\" srcset=\"https:\/\/www.monvillone.it\/wp-content\/uploads\/2020\/05\/Battaglia-Navale.jpg 1024w, https:\/\/www.monvillone.it\/wp-content\/uploads\/2020\/05\/Battaglia-Navale-300x222.jpg 300w, https:\/\/www.monvillone.it\/wp-content\/uploads\/2020\/05\/Battaglia-Navale-768x569.jpg 768w\" sizes=\"auto, (max-width: 1024px) 100vw, 1024px\" \/><\/a><\/figure>\n\n\n\n<figure class=\"wp-block-image size-large\"><a href=\"https:\/\/www.monvillone.it\/wp-content\/uploads\/2020\/05\/Cavalli.jpg\"><img loading=\"lazy\" decoding=\"async\" width=\"1024\" height=\"764\" data-id=\"3216\" src=\"https:\/\/www.monvillone.it\/wp-content\/uploads\/2020\/05\/Cavalli.jpg\" alt=\"\" class=\"wp-image-3216\" srcset=\"https:\/\/www.monvillone.it\/wp-content\/uploads\/2020\/05\/Cavalli.jpg 1024w, https:\/\/www.monvillone.it\/wp-content\/uploads\/2020\/05\/Cavalli-300x224.jpg 300w, https:\/\/www.monvillone.it\/wp-content\/uploads\/2020\/05\/Cavalli-768x573.jpg 768w\" sizes=\"auto, (max-width: 1024px) 100vw, 1024px\" \/><\/a><\/figure>\n\n\n\n<figure class=\"wp-block-image size-large\"><a href=\"https:\/\/www.monvillone.it\/wp-content\/uploads\/2020\/05\/Gatto.jpg\"><img loading=\"lazy\" decoding=\"async\" width=\"980\" height=\"925\" data-id=\"3217\" src=\"https:\/\/www.monvillone.it\/wp-content\/uploads\/2020\/05\/Gatto.jpg\" alt=\"\" class=\"wp-image-3217\" srcset=\"https:\/\/www.monvillone.it\/wp-content\/uploads\/2020\/05\/Gatto.jpg 980w, https:\/\/www.monvillone.it\/wp-content\/uploads\/2020\/05\/Gatto-300x283.jpg 300w, https:\/\/www.monvillone.it\/wp-content\/uploads\/2020\/05\/Gatto-768x725.jpg 768w\" sizes=\"auto, (max-width: 980px) 100vw, 980px\" \/><\/a><\/figure>\n\n\n\n<figure class=\"wp-block-image size-large\"><a href=\"https:\/\/www.monvillone.it\/wp-content\/uploads\/2020\/05\/Spinone.jpg\"><img loading=\"lazy\" decoding=\"async\" width=\"740\" height=\"998\" data-id=\"3218\" src=\"https:\/\/www.monvillone.it\/wp-content\/uploads\/2020\/05\/Spinone.jpg\" alt=\"\" class=\"wp-image-3218\" srcset=\"https:\/\/www.monvillone.it\/wp-content\/uploads\/2020\/05\/Spinone.jpg 740w, https:\/\/www.monvillone.it\/wp-content\/uploads\/2020\/05\/Spinone-222x300.jpg 222w\" sizes=\"auto, (max-width: 740px) 100vw, 740px\" \/><\/a><\/figure>\n<\/figure>\n\n\n\n<p>Eine Auswahl limitierter Werke und Drucke ist auf Anfrage erh\u00e4ltlich: Schreiben Sie uns f\u00fcr weitere Informationen \u00fcber unser Kontakt-Formular!<\/p>\n\n\n\n<h2 class=\"wp-block-heading\" id=\"mce_1\">Publikationen und Ausstellungen<\/h2>\n\n\n\n<figure class=\"wp-block-gallery has-nested-images columns-default is-cropped wp-block-gallery-3 is-layout-flex wp-block-gallery-is-layout-flex\">\n<figure class=\"wp-block-image size-large\"><img loading=\"lazy\" decoding=\"async\" width=\"980\" height=\"653\" data-id=\"1717\" src=\"http:\/\/monvillone.it\/wp-content\/uploads\/2019\/03\/IMG_1868OPT.jpg\" alt=\"\" class=\"wp-image-1717\" srcset=\"https:\/\/www.monvillone.it\/wp-content\/uploads\/2019\/03\/IMG_1868OPT.jpg 980w, https:\/\/www.monvillone.it\/wp-content\/uploads\/2019\/03\/IMG_1868OPT-300x200.jpg 300w, https:\/\/www.monvillone.it\/wp-content\/uploads\/2019\/03\/IMG_1868OPT-768x512.jpg 768w\" sizes=\"auto, (max-width: 980px) 100vw, 980px\" \/><\/figure>\n\n\n\n<figure class=\"wp-block-image size-large\"><img loading=\"lazy\" decoding=\"async\" width=\"980\" height=\"653\" data-id=\"1718\" src=\"http:\/\/monvillone.it\/wp-content\/uploads\/2019\/03\/IMG_1877OPT.jpg\" alt=\"\" class=\"wp-image-1718\" srcset=\"https:\/\/www.monvillone.it\/wp-content\/uploads\/2019\/03\/IMG_1877OPT.jpg 980w, https:\/\/www.monvillone.it\/wp-content\/uploads\/2019\/03\/IMG_1877OPT-300x200.jpg 300w, https:\/\/www.monvillone.it\/wp-content\/uploads\/2019\/03\/IMG_1877OPT-768x512.jpg 768w\" sizes=\"auto, (max-width: 980px) 100vw, 980px\" \/><\/figure>\n<\/figure>\n","protected":false},"excerpt":{"rendered":"<p>Permanenter Kunstraum Er ist Gewinner ausgew\u00e4hlter Wettbewerbe und Mitglied der italienischen Aquarellistenvereinigung. Er stellt in Italien und im Ausland mit der ECWS (European Confederation of Watercolor) aus und arbeitet mit der SDWS (San Diego Watercolor Society) zusammen. &#8222;Monvillone ist seit zwanzig Jahren Riccardo Contis Lieblingsort, um sich als Mensch und K\u00fcnstler auszudr\u00fccken. Im Laufe der [&hellip;]<\/p>\n","protected":false},"author":1,"featured_media":25327,"parent":0,"menu_order":0,"comment_status":"closed","ping_status":"closed","template":"","meta":{"_genesis_hide_title":false,"_genesis_hide_breadcrumbs":false,"_genesis_hide_singular_image":false,"_genesis_hide_footer_widgets":false,"_genesis_custom_body_class":"","_genesis_custom_post_class":"","_genesis_layout":"","footnotes":""},"class_list":{"0":"post-25945","1":"page","2":"type-page","3":"status-publish","4":"has-post-thumbnail","6":"entry"},"yoast_head":"<!-- This site is optimized with the Yoast SEO plugin v25.3.1 - https:\/\/yoast.com\/wordpress\/plugins\/seo\/ -->\n<title>Galleria d&#039;arte permanente - Tenuta Monvillone Country House &amp; Restaurant<\/title>\n<meta name=\"description\" content=\"Riccardo Conti, malerische und leidenschaftliche Kunst. Monvillone ist eine permanente Kunstgalerie. Tats\u00e4chlich sind die Orte, die er besucht, allesamt mit den malerischen Werken Riccardo Contis.\" \/>\n<meta name=\"robots\" content=\"index, follow, max-snippet:-1, max-image-preview:large, max-video-preview:-1\" \/>\n<link rel=\"canonical\" href=\"https:\/\/www.monvillone.it\/de\/art\/\" \/>\n<meta property=\"og:locale\" content=\"de_DE\" \/>\n<meta property=\"og:type\" content=\"article\" \/>\n<meta property=\"og:title\" content=\"Galleria d&#039;arte permanente - Tenuta Monvillone Country House &amp; Restaurant\" \/>\n<meta property=\"og:description\" content=\"Riccardo Conti, malerische und leidenschaftliche Kunst. Monvillone ist eine permanente Kunstgalerie. Tats\u00e4chlich sind die Orte, die er besucht, allesamt mit den malerischen Werken Riccardo Contis.\" \/>\n<meta property=\"og:url\" content=\"https:\/\/www.monvillone.it\/de\/art\/\" \/>\n<meta property=\"og:site_name\" content=\"Tenuta Monvillone Country House &amp; Restaurant\" \/>\n<meta property=\"article:modified_time\" content=\"2025-07-07T09:05:29+00:00\" \/>\n<meta property=\"og:image\" content=\"https:\/\/www.monvillone.it\/wp-content\/uploads\/2019\/03\/IMG_1685OPT.jpg\" \/>\n<meta name=\"twitter:card\" content=\"summary_large_image\" \/>\n<meta name=\"twitter:label1\" content=\"Gesch\u00e4tzte Lesezeit\" \/>\n\t<meta name=\"twitter:data1\" content=\"5\u00a0Minuten\" \/>\n<script type=\"application\/ld+json\" class=\"yoast-schema-graph\">{\"@context\":\"https:\/\/schema.org\",\"@graph\":[{\"@type\":\"WebPage\",\"@id\":\"https:\/\/www.monvillone.it\/de\/art\/\",\"url\":\"https:\/\/www.monvillone.it\/de\/art\/\",\"name\":\"Galleria d'arte permanente - Tenuta Monvillone Country House &amp; Restaurant\",\"isPartOf\":{\"@id\":\"https:\/\/www.monvillone.it\/de\/#website\"},\"primaryImageOfPage\":{\"@id\":\"https:\/\/www.monvillone.it\/de\/art\/#primaryimage\"},\"image\":{\"@id\":\"https:\/\/www.monvillone.it\/de\/art\/#primaryimage\"},\"thumbnailUrl\":\"https:\/\/www.monvillone.it\/wp-content\/uploads\/2019\/03\/IMG_1685OPT.jpg\",\"datePublished\":\"2018-11-26T08:35:53+00:00\",\"dateModified\":\"2025-07-07T09:05:29+00:00\",\"description\":\"Riccardo Conti, malerische und leidenschaftliche Kunst. Monvillone ist eine permanente Kunstgalerie. Tats\u00e4chlich sind die Orte, die er besucht, allesamt mit den malerischen Werken Riccardo Contis.\",\"breadcrumb\":{\"@id\":\"https:\/\/www.monvillone.it\/de\/art\/#breadcrumb\"},\"inLanguage\":\"de\",\"potentialAction\":[{\"@type\":\"ReadAction\",\"target\":[\"https:\/\/www.monvillone.it\/de\/art\/\"]}]},{\"@type\":\"ImageObject\",\"inLanguage\":\"de\",\"@id\":\"https:\/\/www.monvillone.it\/de\/art\/#primaryimage\",\"url\":\"https:\/\/www.monvillone.it\/wp-content\/uploads\/2019\/03\/IMG_1685OPT.jpg\",\"contentUrl\":\"https:\/\/www.monvillone.it\/wp-content\/uploads\/2019\/03\/IMG_1685OPT.jpg\",\"width\":1680,\"height\":1120,\"caption\":\"Galleria d'arte permanente Monvillone\"},{\"@type\":\"BreadcrumbList\",\"@id\":\"https:\/\/www.monvillone.it\/de\/art\/#breadcrumb\",\"itemListElement\":[{\"@type\":\"ListItem\",\"position\":1,\"name\":\"Home\",\"item\":\"https:\/\/www.monvillone.it\/de\/\"},{\"@type\":\"ListItem\",\"position\":2,\"name\":\"Art\"}]},{\"@type\":\"WebSite\",\"@id\":\"https:\/\/www.monvillone.it\/de\/#website\",\"url\":\"https:\/\/www.monvillone.it\/de\/\",\"name\":\"Tenuta Monvillone Country House &amp; Restaurant\",\"description\":\"\",\"potentialAction\":[{\"@type\":\"SearchAction\",\"target\":{\"@type\":\"EntryPoint\",\"urlTemplate\":\"https:\/\/www.monvillone.it\/de\/?s={search_term_string}\"},\"query-input\":{\"@type\":\"PropertyValueSpecification\",\"valueRequired\":true,\"valueName\":\"search_term_string\"}}],\"inLanguage\":\"de\"}]}<\/script>\n<!-- \/ Yoast SEO plugin. -->","yoast_head_json":{"title":"Galleria d'arte permanente - Tenuta Monvillone Country House &amp; Restaurant","description":"Riccardo Conti, malerische und leidenschaftliche Kunst. Monvillone ist eine permanente Kunstgalerie. Tats\u00e4chlich sind die Orte, die er besucht, allesamt mit den malerischen Werken Riccardo Contis.","robots":{"index":"index","follow":"follow","max-snippet":"max-snippet:-1","max-image-preview":"max-image-preview:large","max-video-preview":"max-video-preview:-1"},"canonical":"https:\/\/www.monvillone.it\/de\/art\/","og_locale":"de_DE","og_type":"article","og_title":"Galleria d'arte permanente - Tenuta Monvillone Country House &amp; Restaurant","og_description":"Riccardo Conti, malerische und leidenschaftliche Kunst. Monvillone ist eine permanente Kunstgalerie. Tats\u00e4chlich sind die Orte, die er besucht, allesamt mit den malerischen Werken Riccardo Contis.","og_url":"https:\/\/www.monvillone.it\/de\/art\/","og_site_name":"Tenuta Monvillone Country House &amp; Restaurant","article_modified_time":"2025-07-07T09:05:29+00:00","og_image":[{"url":"https:\/\/www.monvillone.it\/wp-content\/uploads\/2019\/03\/IMG_1685OPT.jpg","type":"","width":"","height":""}],"twitter_card":"summary_large_image","twitter_misc":{"Gesch\u00e4tzte Lesezeit":"5\u00a0Minuten"},"schema":{"@context":"https:\/\/schema.org","@graph":[{"@type":"WebPage","@id":"https:\/\/www.monvillone.it\/de\/art\/","url":"https:\/\/www.monvillone.it\/de\/art\/","name":"Galleria d'arte permanente - Tenuta Monvillone Country House &amp; Restaurant","isPartOf":{"@id":"https:\/\/www.monvillone.it\/de\/#website"},"primaryImageOfPage":{"@id":"https:\/\/www.monvillone.it\/de\/art\/#primaryimage"},"image":{"@id":"https:\/\/www.monvillone.it\/de\/art\/#primaryimage"},"thumbnailUrl":"https:\/\/www.monvillone.it\/wp-content\/uploads\/2019\/03\/IMG_1685OPT.jpg","datePublished":"2018-11-26T08:35:53+00:00","dateModified":"2025-07-07T09:05:29+00:00","description":"Riccardo Conti, malerische und leidenschaftliche Kunst. Monvillone ist eine permanente Kunstgalerie. Tats\u00e4chlich sind die Orte, die er besucht, allesamt mit den malerischen Werken Riccardo Contis.","breadcrumb":{"@id":"https:\/\/www.monvillone.it\/de\/art\/#breadcrumb"},"inLanguage":"de","potentialAction":[{"@type":"ReadAction","target":["https:\/\/www.monvillone.it\/de\/art\/"]}]},{"@type":"ImageObject","inLanguage":"de","@id":"https:\/\/www.monvillone.it\/de\/art\/#primaryimage","url":"https:\/\/www.monvillone.it\/wp-content\/uploads\/2019\/03\/IMG_1685OPT.jpg","contentUrl":"https:\/\/www.monvillone.it\/wp-content\/uploads\/2019\/03\/IMG_1685OPT.jpg","width":1680,"height":1120,"caption":"Galleria d'arte permanente Monvillone"},{"@type":"BreadcrumbList","@id":"https:\/\/www.monvillone.it\/de\/art\/#breadcrumb","itemListElement":[{"@type":"ListItem","position":1,"name":"Home","item":"https:\/\/www.monvillone.it\/de\/"},{"@type":"ListItem","position":2,"name":"Art"}]},{"@type":"WebSite","@id":"https:\/\/www.monvillone.it\/de\/#website","url":"https:\/\/www.monvillone.it\/de\/","name":"Tenuta Monvillone Country House &amp; Restaurant","description":"","potentialAction":[{"@type":"SearchAction","target":{"@type":"EntryPoint","urlTemplate":"https:\/\/www.monvillone.it\/de\/?s={search_term_string}"},"query-input":{"@type":"PropertyValueSpecification","valueRequired":true,"valueName":"search_term_string"}}],"inLanguage":"de"}]}},"featured_image_src":"https:\/\/www.monvillone.it\/wp-content\/uploads\/2019\/03\/IMG_1685OPT.jpg","featured_image_src_square":"https:\/\/www.monvillone.it\/wp-content\/uploads\/2019\/03\/IMG_1685OPT.jpg","_links":{"self":[{"href":"https:\/\/www.monvillone.it\/de\/wp-json\/wp\/v2\/pages\/25945","targetHints":{"allow":["GET"]}}],"collection":[{"href":"https:\/\/www.monvillone.it\/de\/wp-json\/wp\/v2\/pages"}],"about":[{"href":"https:\/\/www.monvillone.it\/de\/wp-json\/wp\/v2\/types\/page"}],"author":[{"embeddable":true,"href":"https:\/\/www.monvillone.it\/de\/wp-json\/wp\/v2\/users\/1"}],"replies":[{"embeddable":true,"href":"https:\/\/www.monvillone.it\/de\/wp-json\/wp\/v2\/comments?post=25945"}],"version-history":[{"count":1,"href":"https:\/\/www.monvillone.it\/de\/wp-json\/wp\/v2\/pages\/25945\/revisions"}],"predecessor-version":[{"id":25997,"href":"https:\/\/www.monvillone.it\/de\/wp-json\/wp\/v2\/pages\/25945\/revisions\/25997"}],"wp:featuredmedia":[{"embeddable":true,"href":"https:\/\/www.monvillone.it\/de\/wp-json\/wp\/v2\/media\/25327"}],"wp:attachment":[{"href":"https:\/\/www.monvillone.it\/de\/wp-json\/wp\/v2\/media?parent=25945"}],"curies":[{"name":"wp","href":"https:\/\/api.w.org\/{rel}","templated":true}]}}